{"id":791,"date":"2024-03-11T09:39:26","date_gmt":"2024-03-11T09:39:26","guid":{"rendered":"https:\/\/icards.link\/privacy-policy\/"},"modified":"2024-10-04T12:52:48","modified_gmt":"2024-10-04T12:52:48","slug":"privacy-policy","status":"publish","type":"page","link":"https:\/\/icards.link\/de\/privacy-policy\/","title":{"rendered":"Datenschutzrichtlinie"},"content":{"rendered":"\n<p>Wir respektieren Ihre Privatsph\u00e4re und verpflichten uns, diese durch die Einhaltung dieser Datenschutzrichtlinie (\u201eRichtlinie\u201c) zu sch\u00fctzen. Diese Richtlinie beschreibt die Arten von Informationen, die wir von Ihnen erfassen k\u00f6nnen oder die Sie uns zur Verf\u00fcgung stellen (\u201ePers\u00f6nliche Informationen\u201c) auf der Website<a href=\"https:\/\/icards.link\/de\/\"> icards.link<\/a> (\u201eWebsite\u201c oder \u201eDienst\u201c) und deren verwandten Produkten und Dienstleistungen (zusammen \u201eDienstleistungen\u201c) sowie unsere Praktiken zur Erfassung, Nutzung, Pflege, Schutz und Offenlegung dieser pers\u00f6nlichen Informationen. Sie beschreibt auch die Ihnen zur Verf\u00fcgung stehenden Wahlm\u00f6glichkeiten bez\u00fcglich unserer Nutzung Ihrer pers\u00f6nlichen Informationen und wie Sie darauf zugreifen und diese aktualisieren k\u00f6nnen.&nbsp;<\/p>\n\n\n\n<p>Diese Richtlinie ist eine rechtsverbindliche Vereinbarung zwischen Ihnen (\u201eNutzer\u201c, \u201eSie\u201c oder \u201eIhr\u201c) und dem Betreiber dieser Website (\u201eBetreiber\u201c, \u201ewir\u201c, \u201euns\u201c oder \u201eunser\u201c). Wenn Sie diese Vereinbarung im Namen eines Unternehmens oder einer anderen juristischen Person abschliessen, versichern Sie, dass Sie die Befugnis haben, diese Entit\u00e4t an diese Vereinbarung zu binden, in welchem Fall die Begriffe \u201eNutzer\u201c, \u201eSie\u201c oder \u201eIhr\u201c sich auf diese Entit\u00e4t beziehen. Wenn Sie nicht \u00fcber diese Befugnis verf\u00fcgen oder den Bedingungen dieser Vereinbarung nicht zustimmen, d\u00fcrfen Sie diese Vereinbarung nicht akzeptieren und die Website und Dienstleistungen nicht nutzen oder darauf zugreifen. Durch den Zugriff auf und die Nutzung der Website und Dienstleistungen best\u00e4tigen Sie, dass Sie diese Richtlinie gelesen, verstanden und sich bereit erkl\u00e4rt haben, an deren Bedingungen gebunden zu sein. Diese Richtlinie gilt nicht f\u00fcr die Praktiken von Unternehmen, die wir nicht besitzen oder kontrollieren, oder f\u00fcr Personen, die wir nicht besch\u00e4ftigen oder verwalten.&nbsp;<\/p>\n\n\n\n<p class=\"has-medium-font-size\"><h2 class=\"wp-block-heading\">Automatische Erfassung von Informationen&nbsp;<\/h2><\/p>\n\n\n\n<p>Wenn Sie die Website \u00f6ffnen, zeichnen unsere Server automatisch Informationen auf, die Ihr Browser sendet. Diese Daten k\u00f6nnen Informationen wie die IP-Adresse Ihres Ger\u00e4ts, den Browsertyp und die Version, den Betriebssystemtyp und die Version, Spracheinstellungen oder die Webseite, die Sie besucht haben, bevor Sie auf die Website und Dienstleistungen kamen, die Seiten der Website und Dienstleistungen, die Sie besuchen, die Zeit, die Sie auf diesen Seiten verbringen, die Informationen, nach denen Sie auf der Website suchen, Zugriffszeiten und -daten sowie andere Statistiken umfassen.&nbsp;<\/p>\n\n\n\n<p>Automatisch erfasste Informationen werden nur verwendet, um potenzielle Missbrauchsf\u00e4lle zu identifizieren und statistische Informationen \u00fcber die Nutzung und den Verkehr der Website und Dienstleistungen zu erstellen. Diese statistischen Informationen werden nicht auf eine Weise aggregiert, die einen bestimmten Nutzer des Systems identifizieren w\u00fcrde.&nbsp;<\/p>\n\n\n\n<p><h2 class=\"wp-block-heading\">Erfassung pers\u00f6nlicher Informationen<\/h2><\/p>\n\n\n\n<p>Sie k\u00f6nnen auf die Website und Dienstleistungen zugreifen und diese nutzen, ohne uns mitzuteilen, wer Sie sind oder irgendwelche Informationen offenzulegen, durch die jemand Sie als spezifische, identifizierbare Person identifizieren k\u00f6nnte. Wenn Sie jedoch einige der auf der Website angebotenen Funktionen nutzen m\u00f6chten, werden Sie m\u00f6glicherweise gebeten, bestimmte pers\u00f6nliche Informationen bereitzustellen (z. B. Ihren Namen und Ihre E-Mail-Adresse).&nbsp;<\/p>\n\n\n\n<p>Wir erhalten und speichern alle Informationen, die Sie uns bewusst zur Verf\u00fcgung stellen, wenn Sie einen Kauf t\u00e4tigen oder Formulare auf der Website ausf\u00fcllen. Wenn erforderlich, k\u00f6nnen diese Informationen Folgendes umfassen:&nbsp;<\/p>\n\n\n\n<ul class=\"wp-block-list\">\n<li>Kontaktinformationen (wie E-Mail-Adresse, Telefonnummer usw.)&nbsp;<\/li>\n\n\n\n<li>Grundlegende pers\u00f6nliche Informationen (wie Name, Wohnsitzland usw.)&nbsp;<\/li>\n\n\n\n<li>Zahlungsinformationen (wie Kreditkartendetails, Bankdaten usw.)&nbsp;<\/li>\n\n\n\n<li>Geolokationsdaten Ihres Ger\u00e4ts (wie Breitengrad und L\u00e4ngengrad)&nbsp;<\/li>\n\n\n\n<li>Alle anderen Materialien, die Sie uns freiwillig \u00fcbermitteln (wie Artikel, Bilder, Feedback usw.)&nbsp;<\/li>\n<\/ul>\n\n\n\n<p>Sie k\u00f6nnen sich entscheiden, uns Ihre pers\u00f6nlichen Informationen nicht zur Verf\u00fcgung zu stellen, aber dann k\u00f6nnen Sie m\u00f6glicherweise einige der Funktionen auf der Website nicht nutzen. Nutzer, die unsicher sind, welche Informationen erforderlich sind, sind herzlich eingeladen, uns zu kontaktieren.&nbsp;<\/p>\n\n\n\n<p><h2 class=\"wp-block-heading\">Privatsph\u00e4re von Kindern<\/h2><\/p>\n\n\n\n<p>Wir erfassen wissentlich keine pers\u00f6nlichen Informationen von Kindern unter 18 Jahren. Wenn Sie unter 18 Jahre alt sind, \u00fcbermitteln Sie bitte keine pers\u00f6nlichen Informationen \u00fcber die Website und Dienstleistungen. Wenn Sie Grund zu der Annahme haben, dass ein Kind unter 18 Jahren uns pers\u00f6nliche Informationen \u00fcber die Website und Dienstleistungen zur Verf\u00fcgung gestellt hat, kontaktieren Sie uns bitte, um zu beantragen, dass wir die pers\u00f6nlichen Informationen dieses Kindes aus unseren Dienstleistungen l\u00f6schen.&nbsp;<\/p>\n\n\n\n<p>Wir ermutigen Eltern und Erziehungsberechtigte, die Internetnutzung ihrer Kinder zu \u00fcberwachen und dabei zu helfen, diese Richtlinie durchzusetzen, indem sie ihre Kinder anweisen, niemals pers\u00f6nliche Informationen ohne ihre Erlaubnis \u00fcber die Website und Dienstleistungen bereitzustellen. Wir bitten auch darum, dass alle Eltern und Erziehungsberechtigten, die f\u00fcr die Betreuung von Kindern verantwortlich sind, die notwendigen Vorsichtsmassnahmen treffen, um sicherzustellen, dass ihre Kinder angewiesen werden, keine pers\u00f6nlichen Informationen online ohne ihre Erlaubnis preiszugeben.&nbsp;<\/p>\n\n\n\n<p><h2 class=\"wp-block-heading\">Nutzung und Verarbeitung gesammelter Informationen<\/h2><\/p>\n\n\n\n<p>Wir handeln als Datenverantwortlicher und Datenverarbeiter bei der Handhabung pers\u00f6nlicher Informationen, es sei denn, wir haben eine Datenverarbeitungsvereinbarung mit Ihnen geschlossen, in diesem Fall w\u00e4ren Sie der Datenverantwortliche und wir der Datenverarbeiter. Unsere Rolle kann auch je nach der spezifischen Situation im Zusammenhang mit pers\u00f6nlichen Informationen unterschiedlich sein. Wir handeln als Datenverantwortlicher, wenn wir Sie bitten, Ihre pers\u00f6nlichen Informationen bereitzustellen, die notwendig sind, um Ihren Zugriff auf und die Nutzung der Website und Dienstleistungen sicherzustellen. In solchen F\u00e4llen sind wir ein Datenverantwortlicher, weil wir die Zwecke und Mittel der Verarbeitung pers\u00f6nlicher Informationen bestimmen.&nbsp;<\/p>\n\n\n\n<p>Wir handeln als Datenverarbeiter in Situationen, in denen Sie pers\u00f6nliche Informationen \u00fcber die Website und Dienstleistungen \u00fcbermitteln. Wir besitzen, kontrollieren oder treffen keine Entscheidungen \u00fcber die \u00fcbermittelten pers\u00f6nlichen Informationen, und solche pers\u00f6nlichen Informationen werden nur gem\u00e4ss Ihren Anweisungen verarbeitet. In solchen F\u00e4llen agiert der Nutzer, der pers\u00f6nliche Informationen bereitstellt, als Datenverantwortlicher.&nbsp;<\/p>\n\n\n\n<p>Um Ihnen die Website und Dienstleistungen zur Verf\u00fcgung zu stellen oder um eine rechtliche Verpflichtung zu erf\u00fcllen, m\u00fcssen wir m\u00f6glicherweise bestimmte pers\u00f6nliche Informationen sammeln und verwenden. Wenn Sie die von uns angeforderten Informationen nicht bereitstellen, k\u00f6nnen wir Ihnen m\u00f6glicherweise die angeforderten Produkte oder Dienstleistungen nicht bereitstellen. Alle Informationen, die wir von Ihnen sammeln, k\u00f6nnen f\u00fcr folgende Zwecke verwendet werden:&nbsp;<\/p>\n\n\n\n<ul class=\"wp-block-list\">\n<li>Erf\u00fcllung und Verwaltung von Bestellungen&nbsp;<\/li>\n\n\n\n<li>Lieferung von Produkten oder Dienstleistungen&nbsp;<\/li>\n\n\n\n<li>Verbesserung von Produkten und Dienstleistungen&nbsp;<\/li>\n\n\n\n<li>Versenden von administrativen Informationen&nbsp;<\/li>\n\n\n\n<li>Versenden von Marketing- und Werbekommunikation&nbsp;<\/li>\n\n\n\n<li>Beantwortung von Anfragen und Bereitstellung von Support&nbsp;<\/li>\n\n\n\n<li>Anforderung von Nutzer-Feedback&nbsp;<\/li>\n\n\n\n<li>Verbesserung der Benutzererfahrung&nbsp;<\/li>\n\n\n\n<li>Ver\u00f6ffentlichung von Kundenbewertungen&nbsp;<\/li>\n\n\n\n<li>Zustellung zielgerichteter Werbung&nbsp;<\/li>\n\n\n\n<li>Verwaltung von Gewinnspielen und Wettbewerben&nbsp;<\/li>\n\n\n\n<li>Durchsetzung von Gesch\u00e4ftsbedingungen und Richtlinien&nbsp;<\/li>\n\n\n\n<li>Schutz vor Missbrauch und b\u00f6swilligen Nutzern&nbsp;<\/li>\n\n\n\n<li>Beantwortung rechtlicher Anfragen und Verhinderung von Schaden&nbsp;<\/li>\n\n\n\n<li>Betrieb und Verwaltung der Website und Dienstleistungen&nbsp;<\/li>\n<\/ul>\n\n\n\n<p>Die Verarbeitung Ihrer pers\u00f6nlichen Informationen h\u00e4ngt davon ab, wie Sie mit der Website und den Dienstleistungen interagieren, wo Sie sich in der Welt befinden und ob eine der folgenden Bedingungen zutrifft: (i) Sie haben Ihre Einwilligung f\u00fcr einen oder mehrere spezifische Zwecke gegeben; (ii) die Bereitstellung der Informationen ist notwendig f\u00fcr die Erf\u00fcllung eines Vertrags mit Ihnen und\/oder f\u00fcr vorvertragliche Verpflichtungen; (iii) die Verarbeitung ist notwendig, um einer rechtlichen Verpflichtung nachzukommen, der Sie unterliegen; (iv) die Verarbeitung ist im Zusammenhang mit einer Aufgabe erforderlich, die im \u00f6ffentlichen Interesse oder in Aus\u00fcbung \u00f6ffentlicher Gewalt durchgef\u00fchrt wird; (v) die Verarbeitung ist notwendig f\u00fcr die Zwecke der berechtigten Interessen, die von uns oder einem Dritten verfolgt werden.&nbsp;<\/p>\n\n\n\n<p>Bitte beachten Sie, dass wir nach einigen Gesetzen Informationen verarbeiten d\u00fcrfen, bis Sie dieser Verarbeitung widersprechen, indem Sie sich abmelden, ohne auf Einwilligung oder eine andere der rechtlichen Grundlagen angewiesen zu sein. In jedem Fall sind wir gerne bereit, die spezifische rechtliche Grundlage, die auf die Verarbeitung zutrifft, zu kl\u00e4ren und insbesondere, ob die Bereitstellung pers\u00f6nlicher Informationen eine gesetzliche oder vertragliche Anforderung ist oder eine Anforderung, die notwendig ist, um einen Vertrag zu schliessen.&nbsp;<\/p>\n\n\n\n<p><h2 class=\"wp-block-heading\">Offenlegung von Informationen<\/h2><\/p>\n\n\n\n<p>Abh\u00e4ngig von den angeforderten Dienstleistungen oder wie erforderlich, um eine Transaktion abzuschliessen oder eine von Ihnen angeforderte Dienstleistung zu erbringen, k\u00f6nnen wir Ihre Informationen mit unseren verbundenen Unternehmen, beauftragten Unternehmen und Dienstanbietern (zusammen \u201eDienstleister\u201c) teilen, auf die wir angewiesen sind, um den Betrieb der Website und Dienstleistungen f\u00fcr Sie zu unterst\u00fctzen und deren Datenschutzrichtlinien mit unseren \u00fcbereinstimmen oder die sich verpflichten, unsere Richtlinien in Bezug auf pers\u00f6nliche Informationen einzuhalten. Wir werden keine pers\u00f6nlich identifizierbaren Informationen mit Dritten teilen und keine Informationen mit nicht verbundenen Dritten teilen.&nbsp;<\/p>\n\n\n\n<p>Dienstleister sind nicht berechtigt, Ihre Informationen zu nutzen oder offenzulegen, ausser wie notwendig, um Dienstleistungen in unserem Namen zu erbringen oder gesetzlichen Anforderungen nachzukommen. Dienstleister erhalten nur die Informationen, die sie ben\u00f6tigen, um ihre vorgesehenen Funktionen auszuf\u00fchren, und wir erm\u00e4chtigen sie nicht, die bereitgestellten Informationen f\u00fcr ihre eigenen Marketing- oder andere Zwecke zu verwenden oder offenzulegen.&nbsp;<\/p>\n\n\n\n<p>Wir k\u00f6nnen auch alle pers\u00f6nlichen Informationen, die wir sammeln, verwenden oder erhalten, offenlegen, wenn dies gesetzlich vorgeschrieben oder erlaubt ist, z. B. um einem Vorladungsbefehl oder einem \u00e4hnlichen rechtlichen Verfahren nachzukommen, und wenn wir in gutem Glauben davon ausgehen, dass die Offenlegung notwendig ist, um unsere Rechte zu sch\u00fctzen, Ihre Sicherheit oder die Sicherheit anderer zu sch\u00fctzen, Betrug zu untersuchen oder auf eine beh\u00f6rdliche Anfrage zu reagieren.&nbsp;<\/p>\n\n\n\n<p>Im Falle eines Unternehmens\u00fcbergangs (wie einer Fusion oder \u00dcbernahme durch ein anderes Unternehmen oder dem Verkauf aller oder eines Teils seiner Verm\u00f6genswerte) w\u00fcrden Ihre pers\u00f6nlichen Informationen wahrscheinlich zu den \u00fcbertragenen Verm\u00f6genswerten geh\u00f6ren. Wir werden jede solche \u00dcbertragung von pers\u00f6nlichen Informationen und Ihre Wahlm\u00f6glichkeiten in Bezug auf diese mitteilen.&nbsp;<\/p>\n\n\n\n<p><h2 class=\"wp-block-heading\">Speicherung von Informationen<\/h2><\/p>\n\n\n\n<p>Wir werden Ihre pers\u00f6nlichen Informationen nur so lange speichern und verwenden, wie es f\u00fcr die Erf\u00fcllung unserer gesetzlichen Pflichten, die Beilegung von Streitigkeiten und die Durchsetzung unserer Vereinbarungen erforderlich ist, es sei denn, eine l\u00e4ngere Aufbewahrungsfrist ist gesetzlich vorgeschrieben oder erlaubt.&nbsp;<\/p>\n\n\n\n<p>Wir k\u00f6nnen aggregierte Daten, die aus oder mit Ihren pers\u00f6nlichen Informationen abgeleitet werden, nach der Aktualisierung oder L\u00f6schung Ihrer pers\u00f6nlichen Informationen verwenden, aber nicht in einer Weise, die Sie pers\u00f6nlich identifizieren w\u00fcrde. Sobald die Aufbewahrungsfrist abgelaufen ist, werden pers\u00f6nliche Informationen gel\u00f6scht. Daher k\u00f6nnen das Recht auf Zugriff, das Recht auf L\u00f6schung, das Recht auf Berichtigung und das Recht auf Daten\u00fcbertragbarkeit nach Ablauf der Aufbewahrungsfrist nicht durchgesetzt werden.&nbsp;<\/p>\n\n\n\n<p><h2 class=\"wp-block-heading\">\u00dcbermittlung von Informationen<\/h2><\/p>\n\n\n\n<p>Abh\u00e4ngig von Ihrem Standort k\u00f6nnen Daten\u00fcbertragungen die \u00dcbermittlung und Speicherung Ihrer Informationen in einem anderen Land als Ihrem eigenen umfassen. Sie haben das Recht zu erfahren, \u00fcber welche rechtliche Grundlage wir Informationen in ein Land ausserhalb der Europ\u00e4ischen Union oder in ein anderes Land \u00fcbermitteln und \u00fcber die Sicherheitsmassnahmen, die wir zum Schutz Ihrer Informationen ergreifen.&nbsp;<\/p>\n\n\n\n<p>Wenn eine solche \u00dcbermittlung stattfindet, k\u00f6nnen Sie mehr erfahren, indem Sie die relevanten Abschnitte dieses Dokuments \u00fcberpr\u00fcfen oder uns unter Verwendung der im Kontaktabschnitt angegebenen Informationen fragen.&nbsp;<\/p>\n\n\n\n<p><h2 class=\"wp-block-heading\">Rechte der Nutzer<\/h2><\/p>\n\n\n\n<p>Je nachdem, wo Sie sich befinden, haben Sie bestimmte Rechte in Bezug auf Ihre pers\u00f6nlichen Informationen. Diese k\u00f6nnen umfassen:&nbsp;<\/p>\n\n\n\n<ul class=\"wp-block-list\">\n<li>Das Recht auf Zugang und Erhalt einer Kopie Ihrer pers\u00f6nlichen Informationen&nbsp;<\/li>\n\n\n\n<li>Das Recht auf Berichtigung von Fehlern in Ihren pers\u00f6nlichen Informationen&nbsp;<\/li>\n\n\n\n<li>Das Recht auf L\u00f6schung Ihrer pers\u00f6nlichen Informationen&nbsp;<\/li>\n\n\n\n<li>Das Recht auf Einschr\u00e4nkung der Verarbeitung Ihrer pers\u00f6nlichen Informationen&nbsp;<\/li>\n\n\n\n<li>Das Recht auf Widerspruch gegen die Verarbeitung Ihrer pers\u00f6nlichen Informationen&nbsp;<\/li>\n\n\n\n<li>Das Recht auf Daten\u00fcbertragbarkeit&nbsp;<\/li>\n<\/ul>\n\n\n\n<p>Um diese Rechte auszu\u00fcben, k\u00f6nnen Sie uns unter Verwendung der im Kontaktabschnitt angegebenen Informationen kontaktieren. Wir werden Ihre Anfrage gem\u00e4ss den geltenden Datenschutzgesetzen beantworten.&nbsp;<\/p>\n\n\n\n<p><h2 class=\"wp-block-heading\">\u00c4nderungen und Erg\u00e4nzungen<\/h2><\/p>\n\n\n\n<p>Wir behalten uns das Recht vor, diese Richtlinie oder ihre Bedingungen in Bezug auf die Website und Dienstleistungen jederzeit zu \u00e4ndern. Wir werden jede wesentliche \u00c4nderung dieser Richtlinie mitteilen und das Datum der letzten Aktualisierung oben auf dieser Seite angeben. Wir k\u00f6nnen Sie auch auf andere Weise nach unserem Ermessen benachrichtigen, z. B. durch die Kontaktinformationen, die Sie uns zur Verf\u00fcgung gestellt haben.&nbsp;<\/p>\n\n\n\n<p>Jede aktualisierte Version dieser Richtlinie tritt unmittelbar nach der Ver\u00f6ffentlichung der \u00fcberarbeiteten Richtlinie in Kraft, es sei denn, anders angegeben. Ihre fortgesetzte Nutzung der Website und Dienstleistungen nach dem Datum des Inkrafttretens der \u00fcberarbeiteten Richtlinie (oder einer anderen zu diesem Zeitpunkt angegebenen Handlung) bedeutet Ihr Einverst\u00e4ndnis zu diesen \u00c4nderungen. Wir werden jedoch Ihre pers\u00f6nlichen Informationen ohne Ihre Zustimmung nicht in einer Weise verwenden, die sich wesentlich von der angegebenen unterscheidet, als Ihre pers\u00f6nlichen Informationen erhoben wurden.&nbsp;<\/p>\n\n\n\n<p>Wir arbeiten mit Microsoft Clarity und Microsoft Advertising zusammen, um mithilfe von Verhaltensmetriken, Heatmaps und Sitzungswiederholungen zu erfassen, wie Sie unsere Website nutzen und mit ihr interagieren. Die erm\u00f6glicht uns unsere Produkte\/Dienstleistungen zu verbessern und zu vermarkten. Website-Nutzungsdaten werden mithilfe von Erst- und Drittanbieter-Cookies und anderen Tracking-Technologien erfasst, um die Beliebtheit von Produkten\/Dienstleistungen und Online-Aktivit\u00e4ten zu ermitteln. Dar\u00fcber hinaus verwenden wir diese Informationen zur Website-Optimierung, zu Betrugs-\/Sicherheitszwecken und f\u00fcr Werbung. Weitere Informationen dar\u00fcber, wie Microsoft Ihre Daten erhebt und verwendet, finden Sie unter:<br>Microsoft-Datenschutzerkl\u00e4rung<\/p>\n\n\n\n<p><h2 class=\"wp-block-heading\">Annahme dieser Richtlinie<\/h2><\/p>\n\n\n\n<p>Sie best\u00e4tigen, dass Sie diese Richtlinie gelesen haben und allen ihren Bedingungen zustimmen. Indem Sie auf die Website und Dienstleistungen zugreifen und diese nutzen, stimmen Sie zu, an diese Richtlinie gebunden zu sein. Wenn Sie nicht zustimmen, die Bedingungen dieser Richtlinie einzuhalten, sind Sie nicht berechtigt, auf die Website und Dienstleistungen zuzugreifen oder diese zu nutzen.&nbsp;<\/p>\n\n\n\n<p><h2 class=\"wp-block-heading\">Kontakt<\/h2><\/p>\n\n\n\n<p>Wenn Sie Fragen, Bedenken oder Beschwerden zu dieser Richtlinie, den von uns \u00fcber Sie gespeicherten Informationen haben oder Ihre Rechte aus\u00fcben m\u00f6chten, empfehlen wir Ihnen, uns \u00fcber die unten angegebenen Kontaktdaten zu kontaktieren:<\/p>\n\n\n\n<p><a href=\"mailto:support@icards.link\" rel=\"noreferrer noopener\" target=\"_blank\">support@icards.link<\/a><\/p>\n\n\n\n<p>Wir werden versuchen, Beschwerden und Streitigkeiten zu schlichten und alle angemessenen Anstrengungen zu unternehmen, um Ihrem Wunsch nach Aus\u00fcbung Ihrer Rechte so schnell wie m\u00f6glich und auf jeden Fall innerhalb der durch die geltenden Datenschutzgesetze vorgesehenen Fristen nachzukommen.<\/p>\n","protected":false},"excerpt":{"rendered":"<p>Wir respektieren Ihre Privatsph\u00e4re und verpflichten uns, diese durch die Einhaltung dieser Datenschutzrichtlinie (\u201eRichtlinie\u201c) zu sch\u00fctzen. Diese Richtlinie beschreibt die Arten von Informationen, die wir von Ihnen erfassen k\u00f6nnen oder die Sie uns zur Verf\u00fcgung stellen (\u201ePers\u00f6nliche Informationen\u201c) auf der Website icards.link (\u201eWebsite\u201c oder \u201eDienst\u201c) und deren verwandten Produkten und Dienstleistungen (zusammen \u201eDienstleistungen\u201c) sowie unsere [&hellip;]<\/p>\n","protected":false},"author":1,"featured_media":0,"parent":0,"menu_order":0,"comment_status":"closed","ping_status":"closed","template":"","meta":{"inline_featured_image":false,"footnotes":""},"class_list":["post-791","page","type-page","status-publish","hentry"],"acf":[],"_links":{"self":[{"href":"https:\/\/icards.link\/de\/wp-json\/wp\/v2\/pages\/791","targetHints":{"allow":["GET"]}}],"collection":[{"href":"https:\/\/icards.link\/de\/wp-json\/wp\/v2\/pages"}],"about":[{"href":"https:\/\/icards.link\/de\/wp-json\/wp\/v2\/types\/page"}],"author":[{"embeddable":true,"href":"https:\/\/icards.link\/de\/wp-json\/wp\/v2\/users\/1"}],"replies":[{"embeddable":true,"href":"https:\/\/icards.link\/de\/wp-json\/wp\/v2\/comments?post=791"}],"version-history":[{"count":0,"href":"https:\/\/icards.link\/de\/wp-json\/wp\/v2\/pages\/791\/revisions"}],"wp:attachment":[{"href":"https:\/\/icards.link\/de\/wp-json\/wp\/v2\/media?parent=791"}],"curies":[{"name":"wp","href":"https:\/\/api.w.org\/{rel}","templated":true}]}}