{"id":526,"date":"2024-05-30T17:23:13","date_gmt":"2024-05-30T17:23:13","guid":{"rendered":"https:\/\/icards.link\/product\/eco-pvc\/"},"modified":"2024-09-25T19:16:25","modified_gmt":"2024-09-25T19:16:25","slug":"icards-eco-pvc-karte","status":"publish","type":"product","link":"https:\/\/icards.link\/de\/produkt\/icards-eco-pvc-karte\/","title":{"rendered":"iCards Eco PVC-Karte"},"content":{"rendered":"<h3><\/h3>\n<ul>\n<li style=\"font-weight: 400;\" aria-level=\"1\"><span style=\"font-weight: 400;\">Soziale Medien, Website, Telefonnummer, individuelle Nachrichten und mehr m\u00fchelos teilen <\/span><\/li>\n<li style=\"font-weight: 400;\" aria-level=\"1\"><span style=\"font-weight: 400;\">Ihr Profil bei \u00c4nderungen leicht aktualisieren<\/span><\/li>\n<li style=\"font-weight: 400;\" aria-level=\"1\"><span style=\"font-weight: 400;\">Kontaktdaten mit nur einem Fingertipp schnell teilen<\/span><\/li>\n<li style=\"font-weight: 400;\" aria-level=\"1\"><span style=\"font-weight: 400;\">Kein iCards-Konto f\u00fcr Empf\u00e4nger erforderlich<\/span><\/li>\n<li style=\"font-weight: 400;\" aria-level=\"1\"><span style=\"font-weight: 400;\">Keine App f\u00fcr nahtloses Teilen notwendig<\/span><\/li>\n<li style=\"font-weight: 400;\" aria-level=\"1\"><span style=\"font-weight: 400;\">Unbegrenzte Nutzung ohne zus\u00e4tzliche Abonnementkosten<\/span><\/li>\n<li style=\"font-weight: 400;\" aria-level=\"1\"><span style=\"font-weight: 400;\">Kompatibel mit allen modernen NFC-f\u00e4higen Smartphones<\/span><\/li>\n<li style=\"font-weight: 400;\" aria-level=\"1\"><span style=\"font-weight: 400;\">Beinhaltet einen praktischen QR-Code f\u00fcr nicht NFC-f\u00e4hige Telefone<\/span><\/li>\n<li style=\"font-weight: 400;\" aria-level=\"1\"><span style=\"font-weight: 400;\">Kostenlose digitale ID (Google\/Apple Wallet-Karte)<\/span><\/li>\n<li style=\"font-weight: 400;\" aria-level=\"1\"><span style=\"font-weight: 400;\">Verfolgen und analysieren Sie Ihre Daten und Statistiken<\/span><\/li>\n<li style=\"font-weight: 400;\" aria-level=\"1\"><span style=\"font-weight: 400;\">Jederzeit volle Kontrolle \u00fcber das L\u00f6schen Ihrer Daten<\/span><\/li>\n<\/ul>\n","protected":false},"excerpt":{"rendered":"<p><span style=\"font-weight: 400;\">W\u00e4hlen Sie unsere \u00d6ko-PVC-NFC-Visitenkarte f\u00fcr eine nachhaltige und dennoch professionelle Netzwerkwahl. Teilen Sie Ihre Kontaktdaten schnell und einfach. Jede Karte besteht aus hochwertigen recycelbaren Materialien und ist eine robuste, langlebige Option f\u00fcr bewusste Fachleute, die einen bleibenden Eindruck hinterlassen m\u00f6chten.<\/span><\/p>\n","protected":false},"featured_media":2173,"comment_status":"closed","ping_status":"closed","template":"","meta":{"inline_featured_image":false},"product_brand":[],"product_cat":[33],"product_tag":[],"class_list":{"0":"post-526","1":"product","2":"type-product","3":"status-publish","4":"has-post-thumbnail","6":"product_cat-cards","8":"first","9":"instock","10":"shipping-taxable","11":"purchasable","12":"product-type-variable"},"acf":[],"_links":{"self":[{"href":"https:\/\/icards.link\/de\/wp-json\/wp\/v2\/product\/526","targetHints":{"allow":["GET"]}}],"collection":[{"href":"https:\/\/icards.link\/de\/wp-json\/wp\/v2\/product"}],"about":[{"href":"https:\/\/icards.link\/de\/wp-json\/wp\/v2\/types\/product"}],"replies":[{"embeddable":true,"href":"https:\/\/icards.link\/de\/wp-json\/wp\/v2\/comments?post=526"}],"wp:featuredmedia":[{"embeddable":true,"href":"https:\/\/icards.link\/de\/wp-json\/wp\/v2\/media\/2173"}],"wp:attachment":[{"href":"https:\/\/icards.link\/de\/wp-json\/wp\/v2\/media?parent=526"}],"wp:term":[{"taxonomy":"product_brand","embeddable":true,"href":"https:\/\/icards.link\/de\/wp-json\/wp\/v2\/product_brand?post=526"},{"taxonomy":"product_cat","embeddable":true,"href":"https:\/\/icards.link\/de\/wp-json\/wp\/v2\/product_cat?post=526"},{"taxonomy":"product_tag","embeddable":true,"href":"https:\/\/icards.link\/de\/wp-json\/wp\/v2\/product_tag?post=526"}],"curies":[{"name":"wp","href":"https:\/\/api.w.org\/{rel}","templated":true}]}}