{"id":1538,"date":"2024-07-20T12:01:59","date_gmt":"2024-07-20T12:01:59","guid":{"rendered":"https:\/\/icards.link\/a-propos-de-nous\/"},"modified":"2024-07-24T10:42:15","modified_gmt":"2024-07-24T10:42:15","slug":"a-propos-de-nous","status":"publish","type":"page","link":"https:\/\/icards.link\/fr\/a-propos-de-nous\/","title":{"rendered":"\u00e0 propos de nous"},"content":{"rendered":"\n<div id=\"impressum\" class=\"wp-block-group\"><div class=\"wp-block-group__inner-container is-layout-constrained wp-block-group-is-layout-constrained\">\n\n\n<p><strong>Nom de l&rsquo;entreprise:<\/strong><\/p>\n<p>cogify AG <\/p>\n\n\n\n<p><strong>Adresse: <\/strong><\/p>\n<p>Platz 4 <\/p>\n<p>6039 Root D4 <\/p>\n<p>Suisse<\/p>\n\n\n &nbsp; \n\n\n<p><strong>Coordonn\u00e9es:<\/strong> <\/p>\n\n\n\n<p><strong>Email:<\/strong><\/p> \n<p>hello(at)cogify.io <\/p>\n\n\n\n<p><strong>T\u00e9l\u00e9phone:<\/strong><\/p> \n<p>+41 4155 56664 <\/p>\n\n\n\n<p><strong>Site web:<\/strong><\/p>\n<p><a href=\"https:\/\/cogify.io\/\" target=\"_blank\" rel=\"noopener\">www.cogify.io<\/a><\/p>\n\n\n\n<p><strong>UID:<\/strong><\/p>\n<p>CHE-330.771.144 <\/p>\n\n\n &nbsp; \n\n\n<p><strong>Informations Compl\u00e9mentaires:<\/strong><\/p>\n<p>Le site icards.link est exploit\u00e9e par cogify AG, une soci\u00e9t\u00e9 de d\u00e9veloppement informatique et de logiciels sp\u00e9cialis\u00e9e dans les solutions num\u00e9riques innovantes. Notre produit iCards, est une carte de visite num\u00e9rique utilisant des puces de technologie NFC. <\/p>\n\n\n\n<p><strong>Clause de non-responsabilit\u00e9:<\/strong> <\/p>\n<p>Le contenu de ce site Web est fourni par cogify AG. While we strive to ensure the accuracy and completeness of the information provided, cogify AG does not accept liability for any errors or omissions. Any links to external websites are provided for convenience only, and cogify AG is not responsible for the content or privacy practices of these external sites.<\/p>\n\n\n\n<p><strong>Copyright Notice:<\/strong> <\/p>\n<p>\u00a9 2024 cogify AG. All rights reserved. Unauthorized use and\/or duplication of this material without express and written permission from this site\u2019s author and\/or owner is strictly prohibited.<\/p>\n\n\n<\/div><\/div>\n\n","protected":false},"excerpt":{"rendered":"<p>Nom de l&rsquo;entreprise: cogify AG Adresse: Platz 4 6039 Root D4 Suisse &nbsp; Coordonn\u00e9es: Email: hello(at)cogify.io T\u00e9l\u00e9phone: +41 4155 56664 Site web: www.cogify.io UID: CHE-330.771.144 &nbsp; Informations Compl\u00e9mentaires: Le site icards.link est exploit\u00e9e par cogify AG, une soci\u00e9t\u00e9 de d\u00e9veloppement informatique et de logiciels sp\u00e9cialis\u00e9e dans les solutions num\u00e9riques innovantes. Notre produit iCards, est une [&hellip;]<\/p>\n","protected":false},"author":1,"featured_media":0,"parent":0,"menu_order":0,"comment_status":"closed","ping_status":"closed","template":"","meta":{"inline_featured_image":false,"footnotes":""},"class_list":["post-1538","page","type-page","status-publish","hentry"],"acf":[],"_links":{"self":[{"href":"https:\/\/icards.link\/fr\/wp-json\/wp\/v2\/pages\/1538","targetHints":{"allow":["GET"]}}],"collection":[{"href":"https:\/\/icards.link\/fr\/wp-json\/wp\/v2\/pages"}],"about":[{"href":"https:\/\/icards.link\/fr\/wp-json\/wp\/v2\/types\/page"}],"author":[{"embeddable":true,"href":"https:\/\/icards.link\/fr\/wp-json\/wp\/v2\/users\/1"}],"replies":[{"embeddable":true,"href":"https:\/\/icards.link\/fr\/wp-json\/wp\/v2\/comments?post=1538"}],"version-history":[{"count":0,"href":"https:\/\/icards.link\/fr\/wp-json\/wp\/v2\/pages\/1538\/revisions"}],"wp:attachment":[{"href":"https:\/\/icards.link\/fr\/wp-json\/wp\/v2\/media?parent=1538"}],"curies":[{"name":"wp","href":"https:\/\/api.w.org\/{rel}","templated":true}]}}