{"id":497,"date":"2024-03-11T09:39:26","date_gmt":"2024-03-11T09:39:26","guid":{"rendered":"https:\/\/icards.link\/privacy-policy\/"},"modified":"2024-10-04T12:42:15","modified_gmt":"2024-10-04T12:42:15","slug":"privacy-policy","status":"publish","type":"page","link":"https:\/\/icards.link\/fr\/privacy-policy\/","title":{"rendered":"Politique de Confidentialit\u00e9\u00a0"},"content":{"rendered":"\n<p><\/p>\n\n\n\n<p>Nous respectons votre vie priv\u00e9e et nous engageons \u00e0 la prot\u00e9ger en respectant cette politique de confidentialit\u00e9 (\u00ab\u00a0Politique\u00a0\u00bb). Cette Politique d\u00e9crit les types d&rsquo;informations que nous pouvons collecter aupr\u00e8s de vous ou que vous pouvez fournir (\u00ab\u00a0Informations Personnelles\u00a0\u00bb) sur le site <a href=\"https:\/\/icards.link\/fr\/\">icards.link<\/a> (\u00ab\u00a0Site\u00a0\u00bb ou \u00ab\u00a0Service\u00a0\u00bb) et ses produits et services associ\u00e9s (collectivement, les \u00ab\u00a0Services\u00a0\u00bb), ainsi que nos pratiques de collecte, d&rsquo;utilisation, de maintenance, de protection et de divulgation de ces Informations Personnelles. Elle d\u00e9crit \u00e9galement les choix disponibles pour vous concernant notre utilisation de vos Informations Personnelles et la mani\u00e8re dont vous pouvez y acc\u00e9der et les mettre \u00e0 jour.\u00a0<\/p>\n\n\n\n<p>Cette Politique constitue un accord juridiquement contraignant entre vous (\u00ab\u00a0Utilisateur\u00a0\u00bb, \u00ab\u00a0vous\u00a0\u00bb ou \u00ab\u00a0votre\u00a0\u00bb) et l&rsquo;exploitant de ce Site (\u00ab\u00a0Exploitant\u00a0\u00bb, \u00ab\u00a0nous\u00a0\u00bb, \u00ab\u00a0notre\u00a0\u00bb ou \u00ab\u00a0nos\u00a0\u00bb). Si vous concluez cet accord au nom d&rsquo;une entreprise ou d&rsquo;une autre entit\u00e9 juridique, vous d\u00e9clarez avoir l&rsquo;autorit\u00e9 de lier cette entit\u00e9 \u00e0 cet accord, auquel cas les termes \u00ab\u00a0Utilisateur\u00a0\u00bb, \u00ab\u00a0vous\u00a0\u00bb ou \u00ab\u00a0votre\u00a0\u00bb feront r\u00e9f\u00e9rence \u00e0 cette entit\u00e9. Si vous n&rsquo;avez pas cette autorit\u00e9, ou si vous n&rsquo;\u00eates pas d&rsquo;accord avec les termes de cet accord, vous ne devez pas accepter cet accord et ne pouvez pas acc\u00e9der au Site ni utiliser les Services. En acc\u00e9dant au Site et en utilisant les Services, vous reconnaissez avoir lu, compris et accept\u00e9 d&rsquo;\u00eatre li\u00e9 par les termes de cette Politique. Cette Politique ne s&rsquo;applique pas aux pratiques des entreprises que nous ne poss\u00e9dons pas ou ne contr\u00f4lons pas, ni aux individus que nous n&#8217;employons pas ou ne g\u00e9rons pas.&nbsp;<\/p>\n\n\n\n<p><strong>Collecte automatique des informations<\/strong>&nbsp;<\/p>\n\n\n\n<p>Lorsque vous ouvrez le Site, nos serveurs enregistrent automatiquement les informations envoy\u00e9es par votre navigateur. Ces donn\u00e9es peuvent inclure des informations telles que l&rsquo;adresse IP de votre appareil, le type et la version du navigateur, le type et la version du syst\u00e8me d&rsquo;exploitation, les pr\u00e9f\u00e9rences linguistiques, ou la page web que vous visitiez avant d&rsquo;arriver sur le Site et les Services, les pages du Site et des Services que vous visitez, le temps pass\u00e9 sur ces pages, les informations que vous recherchez sur le Site, les heures et dates d&rsquo;acc\u00e8s, et d&rsquo;autres statistiques.&nbsp;<\/p>\n\n\n\n<p>Les informations collect\u00e9es automatiquement sont utilis\u00e9es uniquement pour identifier les cas potentiels d&rsquo;abus et \u00e9tablir des informations statistiques concernant l&rsquo;utilisation et le trafic du Site et des Services. Ces informations statistiques ne sont pas agr\u00e9g\u00e9es de mani\u00e8re \u00e0 identifier un utilisateur particulier du syst\u00e8me.&nbsp;<\/p>\n\n\n\n<p><strong>Collecte des informations personnelles<\/strong>&nbsp;<\/p>\n\n\n\n<p>Vous pouvez acc\u00e9der et utiliser le Site et les Services sans nous dire qui vous \u00eates ni r\u00e9v\u00e9ler aucune information permettant \u00e0 quelqu&rsquo;un de vous identifier comme une personne sp\u00e9cifique et identifiable. Cependant, si vous souhaitez utiliser certaines des fonctionnalit\u00e9s offertes sur le Site, il peut vous \u00eatre demand\u00e9 de fournir certaines Informations Personnelles (par exemple, votre nom et votre adresse e-mail).&nbsp;<\/p>\n\n\n\n<p>Nous recevons et stockons toutes les informations que vous fournissez sciemment lorsque vous effectuez un achat, ou remplissez des formulaires sur le Site. Lorsque cela est n\u00e9cessaire, ces informations peuvent inclure :&nbsp;<\/p>\n\n\n\n<ul class=\"wp-block-list\">\n<li>Informations de contact (comme l&rsquo;adresse e-mail, le num\u00e9ro de t\u00e9l\u00e9phone, etc.)&nbsp;<\/li>\n\n\n\n<li>Informations personnelles de base (comme le nom, le pays de r\u00e9sidence, etc.)&nbsp;<\/li>\n\n\n\n<li>Informations de paiement (comme les d\u00e9tails de carte de cr\u00e9dit, les coordonn\u00e9es bancaires, etc.)&nbsp;<\/li>\n\n\n\n<li>Donn\u00e9es de g\u00e9olocalisation de votre appareil (comme la latitude et la longitude)&nbsp;<\/li>\n\n\n\n<li>Tout autre mat\u00e9riel que vous nous soumettez volontairement (comme des articles, des images, des retours, etc.)&nbsp;<\/li>\n<\/ul>\n\n\n\n<p>Vous pouvez choisir de ne pas nous fournir vos Informations Personnelles, mais vous risquez alors de ne pas pouvoir profiter de certaines fonctionnalit\u00e9s du Site. Les utilisateurs qui ne sont pas s\u00fbrs des informations obligatoires sont invit\u00e9s \u00e0 nous contacter.&nbsp;<\/p>\n\n\n\n<p><strong>Confidentialit\u00e9 des enfants<\/strong>&nbsp;<\/p>\n\n\n\n<p>Nous ne collectons pas sciemment d&rsquo;Informations Personnelles aupr\u00e8s d&rsquo;enfants de moins de 18 ans. Si vous avez moins de 18 ans, veuillez ne pas soumettre d&rsquo;Informations Personnelles par le biais du Site et des Services. Si vous avez des raisons de croire qu&rsquo;un enfant de moins de 18 ans nous a fourni des Informations Personnelles par le biais du Site et des Services, veuillez nous contacter pour demander la suppression de ces Informations Personnelles de nos Services.&nbsp;<\/p>\n\n\n\n<p>Nous encourageons les parents et les tuteurs l\u00e9gaux \u00e0 surveiller l&rsquo;utilisation d&rsquo;Internet de leurs enfants et \u00e0 aider \u00e0 faire respecter cette Politique en leur donnant des instructions pour ne jamais fournir d&rsquo;Informations Personnelles par le biais du Site et des Services sans leur permission. Nous demandons \u00e9galement \u00e0 tous les parents et tuteurs l\u00e9gaux supervisant les soins des enfants de prendre les pr\u00e9cautions n\u00e9cessaires pour s&rsquo;assurer que leurs enfants re\u00e7oivent des instructions pour ne jamais donner d&rsquo;Informations Personnelles en ligne sans leur permission.&nbsp;<\/p>\n\n\n\n<p><strong>Utilisation et traitement des informations collect\u00e9es<\/strong>&nbsp;<\/p>\n\n\n\n<p>Nous agissons en tant que responsable du traitement et sous-traitant des donn\u00e9es lorsque nous traitons des Informations Personnelles, sauf si nous avons conclu un accord de sous-traitance des donn\u00e9es avec vous, auquel cas vous seriez le responsable du traitement des donn\u00e9es et nous serions le sous-traitant des donn\u00e9es. Notre r\u00f4le peut \u00e9galement varier en fonction de la situation sp\u00e9cifique impliquant des Informations Personnelles. Nous agissons en tant que responsable du traitement des donn\u00e9es lorsque nous vous demandons de soumettre vos Informations Personnelles n\u00e9cessaires pour garantir votre acc\u00e8s et votre utilisation du Site et des Services. Dans ce cas, nous sommes responsables du traitement des donn\u00e9es car nous d\u00e9terminons les finalit\u00e9s et les moyens de traitement des Informations Personnelles.&nbsp;<\/p>\n\n\n\n<p>Nous agissons en tant que sous-traitant des donn\u00e9es dans les situations o\u00f9 vous soumettez des Informations Personnelles par le biais du Site et des Services. Nous ne poss\u00e9dons pas, ne contr\u00f4lons pas et ne prenons pas de d\u00e9cisions concernant les Informations Personnelles soumises, et ces Informations Personnelles ne sont trait\u00e9es que conform\u00e9ment \u00e0 vos instructions. Dans ces cas, l&rsquo;Utilisateur fournissant les Informations Personnelles agit en tant que responsable du traitement des donn\u00e9es.&nbsp;<\/p>\n\n\n\n<p>Pour rendre le Site et les Services disponibles pour vous, ou pour satisfaire une obligation l\u00e9gale, nous pouvons \u00eatre amen\u00e9s \u00e0 collecter et \u00e0 utiliser certaines Informations Personnelles. Si vous ne fournissez pas les informations que nous demandons, nous pourrions ne pas \u00eatre en mesure de vous fournir les produits ou services demand\u00e9s. Les informations que nous collectons aupr\u00e8s de vous peuvent \u00eatre utilis\u00e9es pour les finalit\u00e9s suivantes :&nbsp;<\/p>\n\n\n\n<ul class=\"wp-block-list\">\n<li>Remplir et g\u00e9rer les commandes&nbsp;<\/li>\n\n\n\n<li>Fournir des produits ou services&nbsp;<\/li>\n\n\n\n<li>Am\u00e9liorer les produits et services&nbsp;<\/li>\n\n\n\n<li>Envoyer des informations administratives&nbsp;<\/li>\n\n\n\n<li>Envoyer des communications marketing et promotionnelles&nbsp;<\/li>\n\n\n\n<li>R\u00e9pondre aux demandes et offrir un support&nbsp;<\/li>\n\n\n\n<li>Demander des retours d&rsquo;utilisateurs&nbsp;<\/li>\n\n\n\n<li>Am\u00e9liorer l&rsquo;exp\u00e9rience utilisateur&nbsp;<\/li>\n\n\n\n<li>Publier des t\u00e9moignages de clients&nbsp;<\/li>\n\n\n\n<li>Fournir de la publicit\u00e9 cibl\u00e9e&nbsp;<\/li>\n\n\n\n<li>Administrer des tirages au sort et des concours&nbsp;<\/li>\n\n\n\n<li>Appliquer les termes et conditions et les politiques&nbsp;<\/li>\n\n\n\n<li>Prot\u00e9ger contre les abus et les utilisateurs malveillants&nbsp;<\/li>\n\n\n\n<li>R\u00e9pondre aux demandes l\u00e9gales et pr\u00e9venir les pr\u00e9judices&nbsp;<\/li>\n\n\n\n<li>Exploiter et g\u00e9rer le Site et les Services&nbsp;<\/li>\n<\/ul>\n\n\n\n<p>Le traitement de vos Informations Personnelles d\u00e9pend de la mani\u00e8re dont vous interagissez avec le Site et les Services, de votre localisation dans le monde et si l&rsquo;une des conditions suivantes s&rsquo;applique : (i) vous avez donn\u00e9 votre consentement pour une ou plusieurs finalit\u00e9s sp\u00e9cifiques ; (ii) la fourniture d&rsquo;informations est n\u00e9cessaire \u00e0 l&rsquo;ex\u00e9cution d&rsquo;un contrat avec vous et\/ou \u00e0 toute obligation pr\u00e9contractuelle ; (iii) le traitement est n\u00e9cessaire pour se conformer \u00e0 une obligation l\u00e9gale \u00e0 laquelle vous \u00eates soumis ; (iv) le traitement est li\u00e9 \u00e0 une t\u00e2che effectu\u00e9e dans l&rsquo;int\u00e9r\u00eat public ou dans l&rsquo;exercice de l&rsquo;autorit\u00e9 publique qui nous est confi\u00e9e ; (v) le traitement est n\u00e9cessaire aux fins des int\u00e9r\u00eats l\u00e9gitimes poursuivis par nous ou par un tiers.&nbsp;<\/p>\n\n\n\n<p>Notez que, selon certaines l\u00e9gislations, nous pouvons \u00eatre autoris\u00e9s \u00e0 traiter des informations jusqu&rsquo;\u00e0 ce que vous vous y opposiez, sans avoir \u00e0 compter sur le consentement ou sur toute autre base l\u00e9gale. Dans tous les cas, nous serons heureux de clarifier la base l\u00e9gale sp\u00e9cifique qui s&rsquo;applique au traitement, et en particulier si la fourniture d&rsquo;Informations Personnelles est une exigence l\u00e9gale ou contractuelle, ou une exigence n\u00e9cessaire pour conclure un contrat.&nbsp;<\/p>\n\n\n\n<p><strong>Divulgation des informations<\/strong>&nbsp;<\/p>\n\n\n\n<p>En fonction des Services demand\u00e9s ou selon les besoins pour effectuer toute transaction ou fournir tout Service que vous avez demand\u00e9, nous pouvons partager vos informations avec nos affili\u00e9s, soci\u00e9t\u00e9s contractantes et prestataires de services (collectivement, \u00ab\u00a0Fournisseurs de services\u00a0\u00bb) sur lesquels nous nous appuyons pour aider \u00e0 l&rsquo;exploitation du Site et des Services disponibles pour vous et dont les politiques de confidentialit\u00e9 sont coh\u00e9rentes avec les n\u00f4tres ou qui acceptent de respecter nos politiques en mati\u00e8re d&rsquo;Informations Personnelles. Nous ne partagerons aucune information personnellement identifiable avec des tiers et ne partagerons aucune information avec des tiers non affili\u00e9s.&nbsp;<\/p>\n\n\n\n<p>Les Fournisseurs de services ne sont pas autoris\u00e9s \u00e0 utiliser ou divulguer vos informations, sauf si n\u00e9cessaire pour effectuer des services en notre nom ou pour se conformer aux exigences l\u00e9gales. Les Fournisseurs de services re\u00e7oivent uniquement les informations dont ils ont besoin pour remplir leurs fonctions d\u00e9sign\u00e9es, et nous ne les autorisons pas \u00e0 utiliser ou divulguer les informations fournies pour leurs propres fins de marketing ou autres.&nbsp;<\/p>\n\n\n\n<p>Nous pouvons \u00e9galement divulguer toute Information Personnelle que nous collectons, utilisons ou recevons si cela est requis ou autoris\u00e9 par la loi, comme pour se conformer \u00e0 une assignation \u00e0 compara\u00eetre ou \u00e0 un processus juridique similaire, et lorsque nous croyons de bonne foi que la divulgation est n\u00e9cessaire pour prot\u00e9ger nos droits, votre s\u00e9curit\u00e9 ou la s\u00e9curit\u00e9 d&rsquo;autres personnes, enqu\u00eater sur une fraude, ou r\u00e9pondre \u00e0 une demande gouvernementale.&nbsp;<\/p>\n\n\n\n<p>En cas de transition d&rsquo;entreprise, telle qu&rsquo;une fusion ou une acquisition par une autre entreprise, ou la vente de tout ou partie de ses actifs, vos Informations Personnelles feront probablement partie des actifs transf\u00e9r\u00e9s.&nbsp;<\/p>\n\n\n\n<p><strong>Conservation des informations<\/strong>&nbsp;<\/p>\n\n\n\n<p>Nous conserverons et utiliserons vos Informations Personnelles pendant la p\u00e9riode n\u00e9cessaire pour faire respecter nos accords, r\u00e9soudre des litiges, et sauf si une p\u00e9riode de conservation plus longue est requise ou permise par la loi jusqu&rsquo;\u00e0 un maximum de 60 mois.&nbsp;<\/p>\n\n\n\n<p>Nous pouvons utiliser toute donn\u00e9e agr\u00e9g\u00e9e d\u00e9riv\u00e9e de ou incorporant vos Informations Personnelles apr\u00e8s que vous les avez mises \u00e0 jour ou supprim\u00e9es, mais pas d&rsquo;une mani\u00e8re qui vous identifierait personnellement. Une fois la p\u00e9riode de conservation expir\u00e9e, les Informations Personnelles seront supprim\u00e9es. Par cons\u00e9quent, le droit d&rsquo;acc\u00e8s, le droit d&rsquo;effacement, le droit de rectification, et le droit \u00e0 la portabilit\u00e9 des donn\u00e9es ne peuvent pas \u00eatre appliqu\u00e9s apr\u00e8s l&rsquo;expiration de la p\u00e9riode de conservation.&nbsp;<\/p>\n\n\n\n<p><strong>Cookies<\/strong>&nbsp;<\/p>\n\n\n\n<p>Notre Site et nos Services utilisent des \u00ab\u00a0cookies\u00a0\u00bb pour personnaliser votre exp\u00e9rience en ligne. Un cookie est un fichier texte plac\u00e9 sur votre disque dur par un serveur de pages web. Les cookies ne peuvent pas \u00eatre utilis\u00e9s pour ex\u00e9cuter des programmes ou transmettre des virus \u00e0 votre ordinateur. Les cookies sont attribu\u00e9s de mani\u00e8re unique \u00e0 vous, et peuvent uniquement \u00eatre lus par un serveur web dans le domaine qui a \u00e9mis le cookie pour vous. Vous pouvez en savoir plus sur les cookies et leur fonctionnement ici.&nbsp;<\/p>\n\n\n\n<p>Nous pouvons utiliser des cookies pour collecter, stocker, et suivre des informations \u00e0 des fins de s\u00e9curit\u00e9 et de personnalisation, ainsi que pour des raisons statistiques. Veuillez noter que vous avez la possibilit\u00e9 d&rsquo;accepter ou de refuser les cookies. La plupart des navigateurs web acceptent automatiquement les cookies par d\u00e9faut, mais vous pouvez modifier les param\u00e8tres de votre navigateur pour refuser les cookies si vous le pr\u00e9f\u00e9rez.&nbsp;<\/p>\n\n\n\n<p>Nous travaillons en partenariat avec Microsoft Clarity et Microsoft Advertising pour analyser votre utilisation et vos interactions avec notre site web \u00e0 l&rsquo;aide de m\u00e9triques comportementales, de heatmaps et d&rsquo;enregistrement de session. Ces donn\u00e9es nous permettent d&rsquo;am\u00e9liorer et de commercialiser nos produits et services. Les donn\u00e9es d&rsquo;utilisation du site web sont collect\u00e9es \u00e0 l&rsquo;aide de cookies de premi\u00e8re et de troisi\u00e8me partie ainsi que d&rsquo;autres technologies de suivi afin de d\u00e9terminer la popularit\u00e9 de nos produits et services et notre activit\u00e9 en ligne. Nous utilisons \u00e9galement ces informations pour l&rsquo;optimisation du site, la pr\u00e9vention des fraudes et \u00e0 des fins de s\u00e9curit\u00e9, ainsi que pour la publicit\u00e9. Pour plus d&rsquo;informations sur la mani\u00e8re dont Microsoft collecte et utilise vos donn\u00e9es, veuillez consulter la D\u00e9claration de confidentialit\u00e9 de Microsoft.<\/p>\n\n\n\n<p><strong>Signaux \u00ab\u00a0Do Not Track\u00a0\u00bb<\/strong>&nbsp;<\/p>\n\n\n\n<p>Certains navigateurs int\u00e8grent une fonction \u00ab\u00a0Do Not Track\u00a0\u00bb qui signale aux sites web que vous visitez que vous ne souhaitez pas que votre activit\u00e9 en ligne soit suivie. Le suivi n&rsquo;est pas identique \u00e0 l&rsquo;utilisation ou la collecte d&rsquo;informations en relation avec un site web. Aux fins de ces termes, le suivi se r\u00e9f\u00e8re \u00e0 la collecte d&rsquo;informations personnellement identifiables aupr\u00e8s des consommateurs qui utilisent ou visitent un site web ou un service en ligne \u00e0 mesure qu&rsquo;ils naviguent sur diff\u00e9rents sites web au fil du temps. Le Site et les Services ne suivent pas leurs visiteurs dans le temps et sur des sites web tiers. Cependant, certains sites web tiers peuvent suivre vos activit\u00e9s de navigation lorsqu&rsquo;ils vous servent du contenu, ce qui leur permet de personnaliser ce qu&rsquo;ils vous pr\u00e9sentent.&nbsp;<\/p>\n\n\n\n<p><strong>Marketing par email<\/strong>&nbsp;<\/p>\n\n\n\n<p>Nous proposons des newsletters \u00e9lectroniques auxquelles vous pouvez vous abonner volontairement \u00e0 tout moment. Nous nous engageons \u00e0 garder votre adresse e-mail confidentielle et \u00e0 ne pas divulguer votre adresse e-mail \u00e0 des tiers sauf comme permis dans la section sur l&rsquo;utilisation et le traitement des informations ou \u00e0 des fins d&rsquo;utilisation d&rsquo;un prestataire tiers pour envoyer ces e-mails. Nous conserverons les informations envoy\u00e9es par e-mail conform\u00e9ment aux lois et r\u00e9glementations applicables.&nbsp;<\/p>\n\n\n\n<p>Conform\u00e9ment \u00e0 la loi CAN-SPAM, tous les e-mails envoy\u00e9s de notre part indiqueront clairement de qui provient l&rsquo;e-mail et fourniront des informations claires sur la mani\u00e8re de contacter l&rsquo;exp\u00e9diteur. Vous pouvez choisir d&rsquo;arr\u00eater de recevoir notre newsletter ou nos e-mails marketing en suivant les instructions de d\u00e9sabonnement incluses dans ces e-mails ou en nous contactant. Cependant, vous continuerez \u00e0 recevoir des e-mails transactionnels essentiels.&nbsp;<\/p>\n\n\n\n<p><strong>Liens vers d&rsquo;autres ressources<\/strong>&nbsp;<\/p>\n\n\n\n<p>Le Site et les Services contiennent des liens vers d&rsquo;autres ressources qui ne sont pas d\u00e9tenues ou contr\u00f4l\u00e9es par nous. Veuillez noter que nous ne sommes pas responsables des pratiques de confidentialit\u00e9 de ces autres ressources ou tiers. Nous vous encourageons \u00e0 \u00eatre conscient lorsque vous quittez le Site et les Services et \u00e0 lire les d\u00e9clarations de confidentialit\u00e9 de chaque ressource susceptible de collecter des Informations Personnelles.&nbsp;<\/p>\n\n\n\n<p><strong>S\u00e9curit\u00e9 de l&rsquo;information<\/strong>&nbsp;<\/p>\n\n\n\n<p>Nous s\u00e9curisons les informations que vous fournissez sur des serveurs informatiques dans un environnement contr\u00f4l\u00e9 et s\u00e9curis\u00e9, prot\u00e9g\u00e9s contre l&rsquo;acc\u00e8s, l&rsquo;utilisation ou la divulgation non autoris\u00e9s. Nous maintenons des mesures de protection administratives, techniques et physiques raisonnables pour prot\u00e9ger contre l&rsquo;acc\u00e8s, l&rsquo;utilisation, la modification et la divulgation non autoris\u00e9s des Informations Personnelles sous notre contr\u00f4le et garde. Cependant, aucune transmission de donn\u00e9es sur Internet ou r\u00e9seau sans fil ne peut \u00eatre garantie.&nbsp;<\/p>\n\n\n\n<p>Par cons\u00e9quent, bien que nous nous efforcions de prot\u00e9ger vos Informations Personnelles, vous reconnaissez que (i) il existe des limitations de s\u00e9curit\u00e9 et de confidentialit\u00e9 de l&rsquo;Internet qui \u00e9chappent \u00e0 notre contr\u00f4le ; (ii) la s\u00e9curit\u00e9, l&rsquo;int\u00e9grit\u00e9 et la confidentialit\u00e9 de toute information et donn\u00e9e \u00e9chang\u00e9e entre vous et le Site et les Services ne peuvent \u00eatre garanties ; et (iii) toute telle information et donn\u00e9e peut \u00eatre vue ou alt\u00e9r\u00e9e en transit par un tiers, malgr\u00e9 nos meilleurs efforts.&nbsp;<\/p>\n\n\n\n<p>Comme la s\u00e9curit\u00e9 des Informations Personnelles d\u00e9pend en partie de la s\u00e9curit\u00e9 de l&rsquo;appareil que vous utilisez pour communiquer avec nous et de la s\u00e9curit\u00e9 que vous utilisez pour prot\u00e9ger vos identifiants, veuillez prendre les mesures appropri\u00e9es pour prot\u00e9ger cette information.&nbsp;<\/p>\n\n\n\n<p><strong>Violation de donn\u00e9es<\/strong>&nbsp;<\/p>\n\n\n\n<p>Dans le cas o\u00f9 nous prenons connaissance que la s\u00e9curit\u00e9 du Site et des Services a \u00e9t\u00e9 compromise ou que les Informations Personnelles des utilisateurs ont \u00e9t\u00e9 divulgu\u00e9es \u00e0 des tiers non li\u00e9s en raison d&rsquo;une activit\u00e9 externe, y compris, mais sans s&rsquo;y limiter, des attaques de s\u00e9curit\u00e9 ou des fraudes, nous nous r\u00e9servons le droit de prendre les mesures raisonnablement appropri\u00e9es, y compris, mais sans s&rsquo;y limiter, enqu\u00eate et signalement, ainsi que notification et coop\u00e9ration avec les autorit\u00e9s polici\u00e8res. En cas de violation de donn\u00e9es, nous ferons des efforts raisonnables pour notifier les personnes concern\u00e9es si nous croyons qu&rsquo;il existe un risque raisonnable de pr\u00e9judice pour l&rsquo;utilisateur \u00e0 la suite de la violation ou si une notification est autrement requise par la loi. Lorsque nous le ferons, nous vous enverrons un e-mail.&nbsp;<\/p>\n\n\n\n<p><strong>Modifications et amendements<\/strong>&nbsp;<\/p>\n\n\n\n<p>Nous nous r\u00e9servons le droit de modifier cette Politique ou ses termes relatifs au Site et aux Services \u00e0 tout moment \u00e0 notre discr\u00e9tion. Lorsque nous le ferons, nous r\u00e9viserons la date mise \u00e0 jour au bas de cette page. Nous pouvons \u00e9galement vous fournir une notification d&rsquo;une autre mani\u00e8re \u00e0 notre discr\u00e9tion, telle que par le biais des informations de contact que vous avez fournies.&nbsp;<\/p>\n\n\n\n<p>Une version mise \u00e0 jour de cette Politique sera effective imm\u00e9diatement apr\u00e8s la publication de la Politique r\u00e9vis\u00e9e sauf indication contraire. Votre utilisation continue du Site et des Services apr\u00e8s la date effective de la Politique r\u00e9vis\u00e9e (ou tout autre acte sp\u00e9cifi\u00e9 \u00e0 ce moment) constituera votre consentement \u00e0 ces changements. Cependant, nous n&rsquo;utiliserons pas, sans votre consentement, vos Informations Personnelles d&rsquo;une mani\u00e8re mat\u00e9riellement diff\u00e9rente de celle qui \u00e9tait indiqu\u00e9e au moment o\u00f9 vos Informations Personnelles ont \u00e9t\u00e9 collect\u00e9es.&nbsp;<\/p>\n\n\n\n<p><strong>Acceptation de cette politique<\/strong>&nbsp;<\/p>\n\n\n\n<p>Vous reconnaissez avoir lu cette Politique et acceptez tous ses termes et conditions. En acc\u00e9dant au Site et aux Services et en soumettant vos informations, vous acceptez d&rsquo;\u00eatre li\u00e9 par cette Politique. Si vous n&rsquo;acceptez pas de respecter les termes de cette Politique, vous n&rsquo;\u00eates pas autoris\u00e9 \u00e0 acc\u00e9der ou \u00e0 utiliser le Site et les Services.&nbsp;<\/p>\n\n\n\n<p><strong>Nous contacter<\/strong>&nbsp;<\/p>\n\n\n\n<p>Si vous avez des questions, des pr\u00e9occupations ou des plaintes concernant cette Politique, les informations que nous d\u00e9tenons sur vous, ou si vous souhaitez exercer vos droits, nous vous encourageons \u00e0 nous contacter en utilisant les d\u00e9tails ci-dessous :&nbsp;<\/p>\n\n\n\n<p>support@icards.link&nbsp;<\/p>\n\n\n\n<p>Nous tenterons de r\u00e9soudre les plaintes et les diff\u00e9rends et de faire tous les efforts raisonnables pour honorer votre souhait d&rsquo;exercer vos droits dans les meilleurs d\u00e9lais et, en tout cas, dans les d\u00e9lais pr\u00e9vus par les lois sur la protection des donn\u00e9es applicables.&nbsp;<\/p>\n\n\n\n<p>Ce document a \u00e9t\u00e9 mis \u00e0 jour pour la derni\u00e8re fois le 30 mai 2024.&nbsp;<\/p>\n","protected":false},"excerpt":{"rendered":"<p>Nous respectons votre vie priv\u00e9e et nous engageons \u00e0 la prot\u00e9ger en respectant cette politique de confidentialit\u00e9 (\u00ab\u00a0Politique\u00a0\u00bb). Cette Politique d\u00e9crit les types d&rsquo;informations que nous pouvons collecter aupr\u00e8s de vous ou que vous pouvez fournir (\u00ab\u00a0Informations Personnelles\u00a0\u00bb) sur le site icards.link (\u00ab\u00a0Site\u00a0\u00bb ou \u00ab\u00a0Service\u00a0\u00bb) et ses produits et services associ\u00e9s (collectivement, les \u00ab\u00a0Services\u00a0\u00bb), ainsi [&hellip;]<\/p>\n","protected":false},"author":1,"featured_media":0,"parent":0,"menu_order":0,"comment_status":"closed","ping_status":"closed","template":"","meta":{"inline_featured_image":false,"footnotes":""},"class_list":["post-497","page","type-page","status-publish","hentry"],"acf":[],"_links":{"self":[{"href":"https:\/\/icards.link\/fr\/wp-json\/wp\/v2\/pages\/497","targetHints":{"allow":["GET"]}}],"collection":[{"href":"https:\/\/icards.link\/fr\/wp-json\/wp\/v2\/pages"}],"about":[{"href":"https:\/\/icards.link\/fr\/wp-json\/wp\/v2\/types\/page"}],"author":[{"embeddable":true,"href":"https:\/\/icards.link\/fr\/wp-json\/wp\/v2\/users\/1"}],"replies":[{"embeddable":true,"href":"https:\/\/icards.link\/fr\/wp-json\/wp\/v2\/comments?post=497"}],"version-history":[{"count":0,"href":"https:\/\/icards.link\/fr\/wp-json\/wp\/v2\/pages\/497\/revisions"}],"wp:attachment":[{"href":"https:\/\/icards.link\/fr\/wp-json\/wp\/v2\/media?parent=497"}],"curies":[{"name":"wp","href":"https:\/\/api.w.org\/{rel}","templated":true}]}}