{"id":542,"date":"2024-05-30T15:07:33","date_gmt":"2024-05-30T15:07:33","guid":{"rendered":"https:\/\/icards.link\/product\/eco-pvc-wood-card\/"},"modified":"2024-09-25T20:19:36","modified_gmt":"2024-09-25T20:19:36","slug":"carte-en-bois-icards","status":"publish","type":"product","link":"https:\/\/icards.link\/fr\/produit\/carte-en-bois-icards\/","title":{"rendered":"Carte en bois iCards"},"content":{"rendered":"<p>&nbsp;<\/p>\n<ul>\n<li style=\"font-weight: 400;\" aria-level=\"1\"><span style=\"font-weight: 400;\">Partagez facilement vos r\u00e9seaux sociaux, site web, num\u00e9ro de t\u00e9l\u00e9phone, messages personnalis\u00e9s, etc. <\/span><\/li>\n<li style=\"font-weight: 400;\" aria-level=\"1\"><span style=\"font-weight: 400;\">Mettez \u00e0 jour votre profil facilement lorsque vos coordonn\u00e9es changent<\/span><\/li>\n<li style=\"font-weight: 400;\" aria-level=\"1\"><span style=\"font-weight: 400;\">Partagez rapidement toutes vos informations de contact d\u2019un simple toucher<\/span><\/li>\n<li style=\"font-weight: 400;\" aria-level=\"1\"><span style=\"font-weight: 400;\">Aucun compte iCards requis pour les destinataires<\/span><\/li>\n<li style=\"font-weight: 400;\" aria-level=\"1\"><span style=\"font-weight: 400;\">Pas besoin d\u2019application pour un partage fluide<\/span><\/li>\n<li style=\"font-weight: 400;\" aria-level=\"1\"><span style=\"font-weight: 400;\">Profitez d\u2019un nombre illimit\u00e9 de touches pour une utilisation \u00e0 vie sans frais suppl\u00e9mentaires<\/span><\/li>\n<li style=\"font-weight: 400;\" aria-level=\"1\"><span style=\"font-weight: 400;\">Compatible avec tous les smartphones NFC modernes<\/span><\/li>\n<li style=\"font-weight: 400;\" aria-level=\"1\"><span style=\"font-weight: 400;\">Comprend un code QR pratique pour les t\u00e9l\u00e9phones non NFC<\/span><\/li>\n<li style=\"font-weight: 400;\" aria-level=\"1\"><span style=\"font-weight: 400;\">Carte d\u2019identit\u00e9 num\u00e9rique gratuite (Google\/Apple Wallet)<\/span><\/li>\n<li style=\"font-weight: 400;\" aria-level=\"1\"><span style=\"font-weight: 400;\">Suivez et analysez vos donn\u00e9es et statistiques<\/span><\/li>\n<li style=\"font-weight: 400;\" aria-level=\"1\"><span style=\"font-weight: 400;\">Supprimez toutes vos donn\u00e9es \u00e0 tout moment avec un contr\u00f4le total<\/span><\/li>\n<\/ul>\n","protected":false},"excerpt":{"rendered":"<p><span style=\"font-weight: 400;\">Optez pour notre carte de visite NFC en bois avec une touche durable et personnelle. Chaque carte est fabriqu\u00e9e \u00e0 partir de bois provenant de sources responsables. Partagez vos coordonn\u00e9es rapidement et facilement. <\/span><\/p>\n","protected":false},"featured_media":2166,"comment_status":"closed","ping_status":"closed","template":"","meta":{"inline_featured_image":false},"product_brand":[],"product_cat":[54],"product_tag":[],"class_list":{"0":"post-542","1":"product","2":"type-product","3":"status-publish","4":"has-post-thumbnail","6":"product_cat-cards","8":"first","9":"instock","10":"shipping-taxable","11":"purchasable","12":"product-type-variable"},"acf":[],"_links":{"self":[{"href":"https:\/\/icards.link\/fr\/wp-json\/wp\/v2\/product\/542","targetHints":{"allow":["GET"]}}],"collection":[{"href":"https:\/\/icards.link\/fr\/wp-json\/wp\/v2\/product"}],"about":[{"href":"https:\/\/icards.link\/fr\/wp-json\/wp\/v2\/types\/product"}],"replies":[{"embeddable":true,"href":"https:\/\/icards.link\/fr\/wp-json\/wp\/v2\/comments?post=542"}],"wp:featuredmedia":[{"embeddable":true,"href":"https:\/\/icards.link\/fr\/wp-json\/wp\/v2\/media\/2166"}],"wp:attachment":[{"href":"https:\/\/icards.link\/fr\/wp-json\/wp\/v2\/media?parent=542"}],"wp:term":[{"taxonomy":"product_brand","embeddable":true,"href":"https:\/\/icards.link\/fr\/wp-json\/wp\/v2\/product_brand?post=542"},{"taxonomy":"product_cat","embeddable":true,"href":"https:\/\/icards.link\/fr\/wp-json\/wp\/v2\/product_cat?post=542"},{"taxonomy":"product_tag","embeddable":true,"href":"https:\/\/icards.link\/fr\/wp-json\/wp\/v2\/product_tag?post=542"}],"curies":[{"name":"wp","href":"https:\/\/api.w.org\/{rel}","templated":true}]}}